{"id":2105,"date":"2017-07-12T23:44:03","date_gmt":"2017-07-12T23:44:03","guid":{"rendered":"http:\/\/kudobrasil.com.br\/site\/?page_id=2105"},"modified":"2025-08-03T21:16:46","modified_gmt":"2025-08-03T21:16:46","slug":"matriz-no-brasil","status":"publish","type":"page","link":"https:\/\/www.kudobrasil.com.br\/site\/matriz-no-brasil\/","title":{"rendered":"Matriz no Brasil"},"content":{"rendered":"\t\t<div data-elementor-type=\"wp-page\" data-elementor-id=\"2105\" class=\"elementor elementor-2105\" data-elementor-post-type=\"page\">\n\t\t\t\t<div class=\"elementor-element elementor-element-60cb284d e-flex e-con-boxed e-con e-parent\" data-id=\"60cb284d\" data-element_type=\"container\" data-e-type=\"container\">\n\t\t\t\t\t<div class=\"e-con-inner\">\n\t\t\t\t<div class=\"elementor-element elementor-element-51cd5425 elementor-widget elementor-widget-text-editor\" data-id=\"51cd5425\" data-element_type=\"widget\" data-e-type=\"widget\" data-widget_type=\"text-editor.default\">\n\t\t\t\t<div class=\"elementor-widget-container\">\n\t\t\t\t\t\t\t\t\t<p>Conhe\u00e7a a Daido: Seu Destino Para o Bem-Estar<\/p><p>Na Daido, oferecemos um espa\u00e7o amplo e acolhedor, abrangendo mais de 600m\u00b2 distribu\u00eddos em dois andares dedicados ao seu bem-estar. Com uma variedade de instala\u00e7\u00f5es e servi\u00e7os, estamos comprometidos em proporcionar uma experi\u00eancia completa para todos os nossos membros.<\/p><p>*Instala\u00e7\u00f5es de Alta Qualidade:*<br \/>&#8211; Muscula\u00e7\u00e3o em dois andares<br \/>&#8211; \u00c1rea dedicada ao funcional<br \/>&#8211; Equipamentos de c\u00e1rdio (esteiras, bicicletas, remo, transport)<br \/>&#8211; Dojo &#8211; uma sala dedicada \u00e0s artes marciais<br \/>&#8211; Ambiente climatizado e bem-ventilado<\/p><p>*Variedade de Atividades:*<br \/>&#8211; Aulas de Funcional, GAP e MMA japon\u00eas (KUDO)<br \/>&#8211; Equipe altamente qualificada para orienta\u00e7\u00e3o e suporte<br \/>&#8211; Servi\u00e7os de nutri\u00e7\u00e3o em parceria com profissionais especializados<br \/>&#8211; Avalia\u00e7\u00e3o f\u00edsica para acompanhar seu progresso<\/p><p>*Conveni\u00eancia e Conforto:*<br \/>&#8211; Vesti\u00e1rios completos com chuveiros<br \/>&#8211; Estacionamento dispon\u00edvel<br \/>&#8211; Biciclet\u00e1rio e muito mais!<\/p><p>*Hor\u00e1rio de Funcionamento:*<br \/>Abertos de segunda \u00e0 sexta-feira, das 6h \u00e0s 22h, e aos s\u00e1bados das 9h \u00e0s 12h.<\/p><p>Na Daido, estamos comprometidos em oferecer o melhor para sua sa\u00fade e bem-estar. Junte-se a n\u00f3s e comece sua jornada para uma vida mais saud\u00e1vel e ativa hoje mesmo!<\/p><p><a href=\"https:\/\/www.kudobrasil.com.br\/site\/wp-content\/uploads\/2024\/05\/2.jpg\"><img fetchpriority=\"high\" decoding=\"async\" class=\"alignnone size-medium wp-image-3401\" src=\"https:\/\/www.kudobrasil.com.br\/site\/wp-content\/uploads\/2024\/05\/2-212x300.jpg\" alt=\"\" width=\"212\" height=\"300\" srcset=\"https:\/\/www.kudobrasil.com.br\/site\/wp-content\/uploads\/2024\/05\/2-212x300.jpg 212w, https:\/\/www.kudobrasil.com.br\/site\/wp-content\/uploads\/2024\/05\/2.jpg 722w\" sizes=\"(max-width: 212px) 100vw, 212px\" \/><\/a> <a href=\"https:\/\/www.kudobrasil.com.br\/site\/wp-content\/uploads\/2024\/05\/3.jpg\"><img decoding=\"async\" class=\"alignnone size-medium wp-image-3402\" src=\"https:\/\/www.kudobrasil.com.br\/site\/wp-content\/uploads\/2024\/05\/3-300x208.jpg\" alt=\"\" width=\"300\" height=\"208\" srcset=\"https:\/\/www.kudobrasil.com.br\/site\/wp-content\/uploads\/2024\/05\/3-300x208.jpg 300w, https:\/\/www.kudobrasil.com.br\/site\/wp-content\/uploads\/2024\/05\/3-768x532.jpg 768w, https:\/\/www.kudobrasil.com.br\/site\/wp-content\/uploads\/2024\/05\/3.jpg 828w\" sizes=\"(max-width: 300px) 100vw, 300px\" \/><\/a> <a href=\"https:\/\/www.kudobrasil.com.br\/site\/wp-content\/uploads\/2024\/05\/4.jpg\"><img decoding=\"async\" class=\"alignnone size-medium wp-image-3403\" src=\"https:\/\/www.kudobrasil.com.br\/site\/wp-content\/uploads\/2024\/05\/4-289x300.jpg\" alt=\"\" width=\"289\" height=\"300\" srcset=\"https:\/\/www.kudobrasil.com.br\/site\/wp-content\/uploads\/2024\/05\/4-289x300.jpg 289w, https:\/\/www.kudobrasil.com.br\/site\/wp-content\/uploads\/2024\/05\/4-768x798.jpg 768w, https:\/\/www.kudobrasil.com.br\/site\/wp-content\/uploads\/2024\/05\/4.jpg 828w\" sizes=\"(max-width: 289px) 100vw, 289px\" \/><\/a> <a href=\"https:\/\/www.kudobrasil.com.br\/site\/wp-content\/uploads\/2024\/05\/5.jpg\"><img loading=\"lazy\" decoding=\"async\" class=\"alignnone size-medium wp-image-3404\" src=\"https:\/\/www.kudobrasil.com.br\/site\/wp-content\/uploads\/2024\/05\/5-300x225.jpg\" alt=\"\" width=\"300\" height=\"225\" srcset=\"https:\/\/www.kudobrasil.com.br\/site\/wp-content\/uploads\/2024\/05\/5-300x225.jpg 300w, https:\/\/www.kudobrasil.com.br\/site\/wp-content\/uploads\/2024\/05\/5-1024x768.jpg 1024w, https:\/\/www.kudobrasil.com.br\/site\/wp-content\/uploads\/2024\/05\/5-768x576.jpg 768w, https:\/\/www.kudobrasil.com.br\/site\/wp-content\/uploads\/2024\/05\/5.jpg 1280w\" sizes=\"(max-width: 300px) 100vw, 300px\" \/><\/a> <a href=\"https:\/\/www.kudobrasil.com.br\/site\/wp-content\/uploads\/2024\/05\/7.jpg\"><img loading=\"lazy\" decoding=\"async\" class=\"alignnone size-medium wp-image-3405\" src=\"https:\/\/www.kudobrasil.com.br\/site\/wp-content\/uploads\/2024\/05\/7-288x300.jpg\" alt=\"\" width=\"288\" height=\"300\" srcset=\"https:\/\/www.kudobrasil.com.br\/site\/wp-content\/uploads\/2024\/05\/7-288x300.jpg 288w, https:\/\/www.kudobrasil.com.br\/site\/wp-content\/uploads\/2024\/05\/7.jpg 691w\" sizes=\"(max-width: 288px) 100vw, 288px\" \/><\/a> <a href=\"https:\/\/www.kudobrasil.com.br\/site\/wp-content\/uploads\/2024\/05\/8.jpg\"><img loading=\"lazy\" decoding=\"async\" class=\"alignnone size-medium wp-image-3406\" src=\"https:\/\/www.kudobrasil.com.br\/site\/wp-content\/uploads\/2024\/05\/8-300x225.jpg\" alt=\"\" width=\"300\" height=\"225\" srcset=\"https:\/\/www.kudobrasil.com.br\/site\/wp-content\/uploads\/2024\/05\/8-300x225.jpg 300w, https:\/\/www.kudobrasil.com.br\/site\/wp-content\/uploads\/2024\/05\/8-1024x768.jpg 1024w, https:\/\/www.kudobrasil.com.br\/site\/wp-content\/uploads\/2024\/05\/8-768x576.jpg 768w, https:\/\/www.kudobrasil.com.br\/site\/wp-content\/uploads\/2024\/05\/8.jpg 1280w\" sizes=\"(max-width: 300px) 100vw, 300px\" \/><\/a> <a href=\"https:\/\/www.kudobrasil.com.br\/site\/wp-content\/uploads\/2024\/05\/9.jpg\"><img loading=\"lazy\" decoding=\"async\" class=\"alignnone size-medium wp-image-3407\" src=\"https:\/\/www.kudobrasil.com.br\/site\/wp-content\/uploads\/2024\/05\/9-225x300.jpg\" alt=\"\" width=\"225\" height=\"300\" srcset=\"https:\/\/www.kudobrasil.com.br\/site\/wp-content\/uploads\/2024\/05\/9-225x300.jpg 225w, https:\/\/www.kudobrasil.com.br\/site\/wp-content\/uploads\/2024\/05\/9-768x1024.jpg 768w, https:\/\/www.kudobrasil.com.br\/site\/wp-content\/uploads\/2024\/05\/9.jpg 960w\" sizes=\"(max-width: 225px) 100vw, 225px\" \/><\/a> <a href=\"https:\/\/www.kudobrasil.com.br\/site\/wp-content\/uploads\/2024\/05\/10.jpg\"><img loading=\"lazy\" decoding=\"async\" class=\"alignnone size-medium wp-image-3408\" src=\"https:\/\/www.kudobrasil.com.br\/site\/wp-content\/uploads\/2024\/05\/10-225x300.jpg\" alt=\"\" width=\"225\" height=\"300\" srcset=\"https:\/\/www.kudobrasil.com.br\/site\/wp-content\/uploads\/2024\/05\/10-225x300.jpg 225w, https:\/\/www.kudobrasil.com.br\/site\/wp-content\/uploads\/2024\/05\/10-768x1024.jpg 768w, https:\/\/www.kudobrasil.com.br\/site\/wp-content\/uploads\/2024\/05\/10.jpg 960w\" sizes=\"(max-width: 225px) 100vw, 225px\" \/><\/a> <a href=\"https:\/\/www.kudobrasil.com.br\/site\/wp-content\/uploads\/2024\/05\/11.jpg\"><img loading=\"lazy\" decoding=\"async\" class=\"alignnone size-medium wp-image-3410\" src=\"https:\/\/www.kudobrasil.com.br\/site\/wp-content\/uploads\/2024\/05\/11-225x300.jpg\" alt=\"\" width=\"225\" height=\"300\" srcset=\"https:\/\/www.kudobrasil.com.br\/site\/wp-content\/uploads\/2024\/05\/11-225x300.jpg 225w, https:\/\/www.kudobrasil.com.br\/site\/wp-content\/uploads\/2024\/05\/11-768x1024.jpg 768w, https:\/\/www.kudobrasil.com.br\/site\/wp-content\/uploads\/2024\/05\/11.jpg 960w\" sizes=\"(max-width: 225px) 100vw, 225px\" \/><\/a> <a href=\"https:\/\/www.kudobrasil.com.br\/site\/wp-content\/uploads\/2024\/05\/13.jpg\"><img loading=\"lazy\" decoding=\"async\" class=\"alignnone size-medium wp-image-3411\" src=\"https:\/\/www.kudobrasil.com.br\/site\/wp-content\/uploads\/2024\/05\/13-300x225.jpg\" alt=\"\" width=\"300\" height=\"225\" srcset=\"https:\/\/www.kudobrasil.com.br\/site\/wp-content\/uploads\/2024\/05\/13-300x225.jpg 300w, https:\/\/www.kudobrasil.com.br\/site\/wp-content\/uploads\/2024\/05\/13-1024x768.jpg 1024w, https:\/\/www.kudobrasil.com.br\/site\/wp-content\/uploads\/2024\/05\/13-768x576.jpg 768w, https:\/\/www.kudobrasil.com.br\/site\/wp-content\/uploads\/2024\/05\/13.jpg 1280w\" sizes=\"(max-width: 300px) 100vw, 300px\" \/><\/a> <a href=\"https:\/\/www.kudobrasil.com.br\/site\/wp-content\/uploads\/2024\/12\/novo-dojo-tatame.jpg\"><img loading=\"lazy\" decoding=\"async\" class=\"alignnone wp-image-4208 size-medium\" src=\"https:\/\/www.kudobrasil.com.br\/site\/wp-content\/uploads\/2024\/12\/novo-dojo-tatame-225x300.jpg\" alt=\"\" width=\"225\" height=\"300\" srcset=\"https:\/\/www.kudobrasil.com.br\/site\/wp-content\/uploads\/2024\/12\/novo-dojo-tatame-225x300.jpg 225w, https:\/\/www.kudobrasil.com.br\/site\/wp-content\/uploads\/2024\/12\/novo-dojo-tatame-768x1024.jpg 768w, https:\/\/www.kudobrasil.com.br\/site\/wp-content\/uploads\/2024\/12\/novo-dojo-tatame-1152x1536.jpg 1152w, https:\/\/www.kudobrasil.com.br\/site\/wp-content\/uploads\/2024\/12\/novo-dojo-tatame.jpg 1200w\" sizes=\"(max-width: 225px) 100vw, 225px\" \/><\/a> <a href=\"https:\/\/www.kudobrasil.com.br\/site\/wp-content\/uploads\/2024\/05\/daido.jpg\"><img loading=\"lazy\" decoding=\"async\" class=\"alignnone size-medium wp-image-3413\" src=\"https:\/\/www.kudobrasil.com.br\/site\/wp-content\/uploads\/2024\/05\/daido-300x200.jpg\" alt=\"\" width=\"300\" height=\"200\" srcset=\"https:\/\/www.kudobrasil.com.br\/site\/wp-content\/uploads\/2024\/05\/daido-300x200.jpg 300w, https:\/\/www.kudobrasil.com.br\/site\/wp-content\/uploads\/2024\/05\/daido-768x513.jpg 768w, https:\/\/www.kudobrasil.com.br\/site\/wp-content\/uploads\/2024\/05\/daido.jpg 828w\" sizes=\"(max-width: 300px) 100vw, 300px\" \/><\/a><\/p><p style=\"text-align: center;\">\u00a0<\/p>\t\t\t\t\t\t\t\t<\/div>\n\t\t\t\t<\/div>\n\t\t\t\t\t<\/div>\n\t\t\t\t<\/div>\n\t\t\t\t<\/div>\n\t\t","protected":false},"excerpt":{"rendered":"<p>Conhe\u00e7a a Daido: Seu Destino Para o Bem-Estar Na Daido, oferecemos um espa\u00e7o amplo e acolhedor, abrangendo mais de 600m\u00b2 distribu\u00eddos em dois andares dedicados ao seu bem-estar. Com uma variedade de instala\u00e7\u00f5es e servi\u00e7os, estamos comprometidos em proporcionar uma experi\u00eancia completa para todos os nossos membros. *Instala\u00e7\u00f5es de Alta Qualidade:*&#8211; Muscula\u00e7\u00e3o em dois andares&#8211; [&hellip;]<\/p>\n","protected":false},"author":2,"featured_media":0,"parent":0,"menu_order":0,"comment_status":"closed","ping_status":"closed","template":"","meta":{"footnotes":""},"class_list":["post-2105","page","type-page","status-publish","hentry"],"_links":{"self":[{"href":"https:\/\/www.kudobrasil.com.br\/site\/wp-json\/wp\/v2\/pages\/2105","targetHints":{"allow":["GET"]}}],"collection":[{"href":"https:\/\/www.kudobrasil.com.br\/site\/wp-json\/wp\/v2\/pages"}],"about":[{"href":"https:\/\/www.kudobrasil.com.br\/site\/wp-json\/wp\/v2\/types\/page"}],"author":[{"embeddable":true,"href":"https:\/\/www.kudobrasil.com.br\/site\/wp-json\/wp\/v2\/users\/2"}],"replies":[{"embeddable":true,"href":"https:\/\/www.kudobrasil.com.br\/site\/wp-json\/wp\/v2\/comments?post=2105"}],"version-history":[{"count":10,"href":"https:\/\/www.kudobrasil.com.br\/site\/wp-json\/wp\/v2\/pages\/2105\/revisions"}],"predecessor-version":[{"id":4336,"href":"https:\/\/www.kudobrasil.com.br\/site\/wp-json\/wp\/v2\/pages\/2105\/revisions\/4336"}],"wp:attachment":[{"href":"https:\/\/www.kudobrasil.com.br\/site\/wp-json\/wp\/v2\/media?parent=2105"}],"curies":[{"name":"wp","href":"https:\/\/api.w.org\/{rel}","templated":true}]}}