{"id":2087,"date":"2017-07-12T23:09:11","date_gmt":"2017-07-12T23:09:11","guid":{"rendered":"http:\/\/kudobrasil.com.br\/site\/?page_id=2087"},"modified":"2025-10-17T18:01:55","modified_gmt":"2025-10-17T18:01:55","slug":"eventos","status":"publish","type":"page","link":"https:\/\/www.kudobrasil.com.br\/site\/eventos\/","title":{"rendered":"Eventos"},"content":{"rendered":"\t\t<div data-elementor-type=\"wp-page\" data-elementor-id=\"2087\" class=\"elementor elementor-2087\" data-elementor-post-type=\"page\">\n\t\t\t\t<div class=\"elementor-element elementor-element-77c5c087 e-flex e-con-boxed e-con e-parent\" data-id=\"77c5c087\" data-element_type=\"container\" data-e-type=\"container\">\n\t\t\t\t\t<div class=\"e-con-inner\">\n\t\t\t\t<div class=\"elementor-element elementor-element-4d17b8e7 elementor-widget elementor-widget-text-editor\" data-id=\"4d17b8e7\" data-element_type=\"widget\" data-e-type=\"widget\" data-widget_type=\"text-editor.default\">\n\t\t\t\t<div class=\"elementor-widget-container\">\n\t\t\t\t\t\t\t\t\t<p>\u00a0 Programa\u00e7\u00e3o de eventos<\/p><p>\u00a0 \u00a0 \u00a0\u00a0 \u00a0\u00a0<span style=\"color: var( --e-global-color-text ); font-family: var( --e-global-typography-text-font-family ), Sans-serif; font-size: var( --e-global-typography-text-font-size ); font-weight: var( --e-global-typography-text-font-weight ); text-align: var(--text-align); background-color: var( --e-global-color-a6e6e8a );\">\u00a0 \u00a0 Semin\u00e1rio de Kudo &#8211; Porto Alegre &#8211; Brasil dias 07,08 e 09 de novembro<\/span><\/p>\t\t\t\t\t\t\t\t<\/div>\n\t\t\t\t<\/div>\n\t\t\t\t\t<\/div>\n\t\t\t\t<\/div>\n\t\t<div class=\"elementor-element elementor-element-18355b3 e-flex e-con-boxed e-con e-parent\" data-id=\"18355b3\" data-element_type=\"container\" data-e-type=\"container\">\n\t\t\t\t\t<div class=\"e-con-inner\">\n\t\t\t\t<div class=\"elementor-element elementor-element-8c3b932 elementor-widget elementor-widget-image\" data-id=\"8c3b932\" data-element_type=\"widget\" data-e-type=\"widget\" data-widget_type=\"image.default\">\n\t\t\t\t<div class=\"elementor-widget-container\">\n\t\t\t\t\t\t\t\t\t\t\t\t\t\t\t<img fetchpriority=\"high\" decoding=\"async\" width=\"683\" height=\"1024\" src=\"https:\/\/www.kudobrasil.com.br\/site\/wp-content\/uploads\/2024\/06\/Imagem-do-WhatsApp-de-2024-06-30-as-05.05.32_0cc7d289-683x1024.jpg\" class=\"attachment-large size-large wp-image-4057\" alt=\"\" srcset=\"https:\/\/www.kudobrasil.com.br\/site\/wp-content\/uploads\/2024\/06\/Imagem-do-WhatsApp-de-2024-06-30-as-05.05.32_0cc7d289-683x1024.jpg 683w, https:\/\/www.kudobrasil.com.br\/site\/wp-content\/uploads\/2024\/06\/Imagem-do-WhatsApp-de-2024-06-30-as-05.05.32_0cc7d289-200x300.jpg 200w, https:\/\/www.kudobrasil.com.br\/site\/wp-content\/uploads\/2024\/06\/Imagem-do-WhatsApp-de-2024-06-30-as-05.05.32_0cc7d289-768x1152.jpg 768w, https:\/\/www.kudobrasil.com.br\/site\/wp-content\/uploads\/2024\/06\/Imagem-do-WhatsApp-de-2024-06-30-as-05.05.32_0cc7d289-1024x1536.jpg 1024w, https:\/\/www.kudobrasil.com.br\/site\/wp-content\/uploads\/2024\/06\/Imagem-do-WhatsApp-de-2024-06-30-as-05.05.32_0cc7d289.jpg 1080w\" sizes=\"(max-width: 683px) 100vw, 683px\" \/>\t\t\t\t\t\t\t\t\t\t\t\t\t\t\t<\/div>\n\t\t\t\t<\/div>\n\t\t\t\t\t<\/div>\n\t\t\t\t<\/div>\n\t\t<div class=\"elementor-element elementor-element-1763047 e-flex e-con-boxed e-con e-parent\" data-id=\"1763047\" data-element_type=\"container\" data-e-type=\"container\">\n\t\t\t\t\t<div class=\"e-con-inner\">\n\t\t\t\t<div class=\"elementor-element elementor-element-fe1d0a1 elementor-widget elementor-widget-heading\" data-id=\"fe1d0a1\" data-element_type=\"widget\" data-e-type=\"widget\" data-widget_type=\"heading.default\">\n\t\t\t\t<div class=\"elementor-widget-container\">\n\t\t\t\t\t<h2 class=\"elementor-heading-title elementor-size-default\">SEMIN\u00c1RIO INTERNACIONAL DE KUDO COM JUKUCHO OSADA KENICHI - PORTO ALEGRE, BRASIL.<br>NOS DIAS 07, 08, E 09 DE NOVEMBRO DE 2025, PORTO ALEGRE RECEBER\u00c1 UM DOS MAIORES NOMES DO KUDOMUNDIAL: JUKUCHO OSADA KENICHI, LIDER DO DAIDO JUKU KUDO. ESTE EVENTO EXCLUSIVO REUNIR\u00c1 PRATICANTES DE TODO O BRASILE DA AM\u00c9RICA DO SUL PARA TRES DIAS INTENSOSO DE APRENDIZADO T\u00c9CNICO, ARBITRAGEM, EXAMES DE GRADUA\u00c7\u00c3O E INTEGRA\u00c7\u00c3O COM A VERDADEIRA ESS\u00caNCIA DO BUDO. <br><br><br><br><br><br>\n<\/h2>\t\t\t\t<\/div>\n\t\t\t\t<\/div>\n\t\t\t\t\t<\/div>\n\t\t\t\t<\/div>\n\t\t\t\t<\/div>\n\t\t","protected":false},"excerpt":{"rendered":"<p>\u00a0 Programa\u00e7\u00e3o de eventos \u00a0 \u00a0 \u00a0\u00a0 \u00a0\u00a0\u00a0 \u00a0 Semin\u00e1rio de Kudo &#8211; Porto Alegre &#8211; Brasil dias 07,08 e 09 de novembro SEMIN\u00c1RIO INTERNACIONAL DE KUDO COM JUKUCHO OSADA KENICHI &#8211; PORTO ALEGRE, BRASIL.NOS DIAS 07, 08, E 09 DE NOVEMBRO DE 2025, PORTO ALEGRE RECEBER\u00c1 UM DOS MAIORES NOMES DO KUDOMUNDIAL: JUKUCHO OSADA [&hellip;]<\/p>\n","protected":false},"author":2,"featured_media":0,"parent":0,"menu_order":0,"comment_status":"closed","ping_status":"closed","template":"","meta":{"footnotes":""},"class_list":["post-2087","page","type-page","status-publish","hentry"],"_links":{"self":[{"href":"https:\/\/www.kudobrasil.com.br\/site\/wp-json\/wp\/v2\/pages\/2087","targetHints":{"allow":["GET"]}}],"collection":[{"href":"https:\/\/www.kudobrasil.com.br\/site\/wp-json\/wp\/v2\/pages"}],"about":[{"href":"https:\/\/www.kudobrasil.com.br\/site\/wp-json\/wp\/v2\/types\/page"}],"author":[{"embeddable":true,"href":"https:\/\/www.kudobrasil.com.br\/site\/wp-json\/wp\/v2\/users\/2"}],"replies":[{"embeddable":true,"href":"https:\/\/www.kudobrasil.com.br\/site\/wp-json\/wp\/v2\/comments?post=2087"}],"version-history":[{"count":10,"href":"https:\/\/www.kudobrasil.com.br\/site\/wp-json\/wp\/v2\/pages\/2087\/revisions"}],"predecessor-version":[{"id":4358,"href":"https:\/\/www.kudobrasil.com.br\/site\/wp-json\/wp\/v2\/pages\/2087\/revisions\/4358"}],"wp:attachment":[{"href":"https:\/\/www.kudobrasil.com.br\/site\/wp-json\/wp\/v2\/media?parent=2087"}],"curies":[{"name":"wp","href":"https:\/\/api.w.org\/{rel}","templated":true}]}}