{"id":2085,"date":"2017-07-12T23:08:27","date_gmt":"2017-07-12T23:08:27","guid":{"rendered":"http:\/\/kudobrasil.com.br\/site\/?page_id=2085"},"modified":"2025-08-03T21:15:13","modified_gmt":"2025-08-03T21:15:13","slug":"historia","status":"publish","type":"page","link":"https:\/\/www.kudobrasil.com.br\/site\/historia\/","title":{"rendered":"Hist\u00f3ria"},"content":{"rendered":"\t\t<div data-elementor-type=\"wp-page\" data-elementor-id=\"2085\" class=\"elementor elementor-2085\" data-elementor-post-type=\"page\">\n\t\t\t\t<div class=\"elementor-element elementor-element-440b95f5 e-flex e-con-boxed e-con e-parent\" data-id=\"440b95f5\" data-element_type=\"container\" data-e-type=\"container\">\n\t\t\t\t\t<div class=\"e-con-inner\">\n\t\t\t\t<div class=\"elementor-element elementor-element-7ac8989d elementor-widget elementor-widget-text-editor\" data-id=\"7ac8989d\" data-element_type=\"widget\" data-e-type=\"widget\" data-widget_type=\"text-editor.default\">\n\t\t\t\t<div class=\"elementor-widget-container\">\n\t\t\t\t\t\t\t\t\t<p>Kudo \u00e9 uma palavra japonesa que pode ser interpretada como &#8220;o caminho da mente aberta&#8221;, uma arte marcial moderna de full contact que inclui os elementos e t\u00e9cnicas mais eficazes do karat\u00ea, boxe, judo, jiu jitsu e outras artes marciais, sua principal caracter\u00edstica \u00e9 a similaridade com uma luta real.<br \/>O fundador do Kudo Azuma Takashi, nasceu em 22 de maio de 1949 em Kesennuma\u00a0Jap\u00e3o, apos terminar a\u00a0escola foi recrutado para a Japonese national defense force, ele estudou filosofia e ao mesmo tempo se tornou um estudante na escola de kyokushin karat\u00ea.<br \/>Azuma Takashi se tornou um mestre nas artes marciais, ensinando karat\u00ea em varias escolas, ele viajava muito e foi aprendendo mais sobre diversas artes marciais de varias origens.<br \/>Em 1981 Azuma Takashi criou \u00a0uma arte marcial realista e efetiva que foi batizada de Daido Juku Karate-do, no Jap\u00e3o essa arte marcial se tornou bastante popular e foi chamada de karat\u00ea furioso.<br \/>Em 1994 resolveu expandir sua arte, para pa\u00edses como \u00a0Russia, Austr\u00e1lia, Brasil, Ucr\u00e2nia, Chile e Estados Unidos.<\/p><p>\u00a0<\/p><p><a href=\"https:\/\/www.kudobrasil.com.br\/site\/wp-content\/uploads\/2017\/07\/GrandMaster.jpg\">\u00a0<\/a><\/p><p>J\u00e1 no ano de 2000 a Daido Juku estava presente em mais de 30 pa\u00edses ao redor do mundo, com milhares de praticantes e, em 12 de maio de 2001, durante uma conferencia em T\u00f3quio foi decidido renomear Daido Juku Karate-do para Kudo, para que essa arte se tornasse mais independente e aceita pelo Comit\u00e9 Ol\u00edmpico Internacional.<br \/>Atualmente existem filiais no mundo todo, hoje, est\u00e1 presente em mais de 170 pa\u00edses ao redor do mundo. No Brasil a matriz do kudo est\u00e1 situada em Porto Alegre, representada pelo Sensei Carlos Torres\u00a0 representante legal desta modalidade no Brasil. Sensei Carlos Torres viaja ao Jap\u00e3o periodicamente para se graduar. Organiza cursos e semin\u00e1rios, difundindo a daido juku em diversas cidades do Brasil.\u00a0<br \/>A arte marcial do Kudo permite qualquer tipo de ataque usando socos, chutes, cotovelos, joelhos, cabe\u00e7adas proje\u00e7\u00f5es e t\u00e9cnicas de solo. Acertar o pesco\u00e7o, genitais e nuca \u00e9 proibido, assim como golpear a cabe\u00e7a e articula\u00e7\u00f5es de um oponente no solo, os equipamentos de prote\u00e7\u00e3o e as regras restritas guiadas pelos \u00e1rbitros s\u00e3o uma garantia contra danos f\u00edsicos graves.<\/p><p>\u00a0<\/p><p>\u00a0<\/p>\t\t\t\t\t\t\t\t<\/div>\n\t\t\t\t<\/div>\n\t\t\t\t<div class=\"elementor-element elementor-element-44c4571 elementor-widget elementor-widget-text-editor\" data-id=\"44c4571\" data-element_type=\"widget\" data-e-type=\"widget\" data-widget_type=\"text-editor.default\">\n\t\t\t\t<div class=\"elementor-widget-container\">\n\t\t\t\t\t\t\t\t\t<p>Kudo \u00e9 uma&nbsp;<br><\/p>\n<p><\/p>\n<p><a href=\"https:\/\/www.kudobrasil.com.br\/site\/wp-content\/uploads\/2017\/07\/GrandMaster.jpg\">&nbsp;<\/a><\/p>\n<p><\/p>\t\t\t\t\t\t\t\t<\/div>\n\t\t\t\t<\/div>\n\t\t\t\t\t<\/div>\n\t\t\t\t<\/div>\n\t\t<div class=\"elementor-element elementor-element-e364dc2 e-flex e-con-boxed e-con e-parent\" data-id=\"e364dc2\" data-element_type=\"container\" data-e-type=\"container\">\n\t\t\t\t\t<div class=\"e-con-inner\">\n\t\t\t\t<div class=\"elementor-element elementor-element-c78fc11 elementor-widget elementor-widget-video\" data-id=\"c78fc11\" data-element_type=\"widget\" data-e-type=\"widget\" data-settings=\"{&quot;video_type&quot;:&quot;hosted&quot;,&quot;start&quot;:-100,&quot;end&quot;:-39,&quot;show_image_overlay&quot;:&quot;yes&quot;,&quot;controls&quot;:&quot;yes&quot;,&quot;image_overlay&quot;:{&quot;url&quot;:&quot;https:\\\/\\\/www.kudobrasil.com.br\\\/site\\\/wp-content\\\/plugins\\\/elementor\\\/assets\\\/images\\\/placeholder.png&quot;,&quot;id&quot;:&quot;&quot;,&quot;size&quot;:&quot;&quot;}}\" data-widget_type=\"video.default\">\n\t\t\t\t<div class=\"elementor-widget-container\">\n\t\t\t\t\t\t\t<div class=\"e-hosted-video elementor-wrapper elementor-open-inline\">\n\t\t\t\t\t<video class=\"elementor-video\" src=\"https:\/\/www.kudobrasil.com.br\/site\/wp-content\/uploads\/2024\/05\/Video-do-WhatsApp-de-2024-05-13-as-08.20.30_4a3356a5.mp4#t=-100,-39\" controls=\"\" preload=\"metadata\" controlsList=\"nodownload\"><\/video>\n\t\t\t\t\t\t<div class=\"elementor-custom-embed-image-overlay\" style=\"background-image: url(https:\/\/www.kudobrasil.com.br\/site\/wp-content\/plugins\/elementor\/assets\/images\/placeholder.png);\">\n\t\t\t\t\t\t\t\t\t\t\t\t\t\t\t\t<div class=\"elementor-custom-embed-play\" role=\"button\" aria-label=\"Reproduzir v\u00eddeo\" tabindex=\"0\">\n\t\t\t\t\t\t\t<svg aria-hidden=\"true\" class=\"e-font-icon-svg e-eicon-play\" viewBox=\"0 0 1000 1000\" xmlns=\"http:\/\/www.w3.org\/2000\/svg\"><path d=\"M838 162C746 71 633 25 500 25 371 25 258 71 163 162 71 254 25 367 25 500 25 633 71 746 163 837 254 929 367 979 500 979 633 979 746 933 838 837 929 746 975 633 975 500 975 367 929 254 838 162M808 192C892 279 933 379 933 500 933 621 892 725 808 808 725 892 621 938 500 938 379 938 279 896 196 808 113 725 67 621 67 500 67 379 108 279 196 192 279 108 383 62 500 62 621 62 721 108 808 192M438 392V642L642 517 438 392Z\"><\/path><\/svg>\t\t\t\t\t\t<\/div>\n\t\t\t\t\t\t\t\t\t<\/div>\n\t\t\t\t\t<\/div>\n\t\t\t\t\t\t<\/div>\n\t\t\t\t<\/div>\n\t\t\t\t\t<\/div>\n\t\t\t\t<\/div>\n\t\t<div class=\"elementor-element elementor-element-10474d3 e-flex e-con-boxed e-con e-parent\" data-id=\"10474d3\" data-element_type=\"container\" data-e-type=\"container\">\n\t\t\t\t\t<div class=\"e-con-inner\">\n\t\t\t\t<div class=\"elementor-element elementor-element-ff4221b elementor-widget elementor-widget-video\" data-id=\"ff4221b\" data-element_type=\"widget\" data-e-type=\"widget\" data-settings=\"{&quot;youtube_url&quot;:&quot;https:\\\/\\\/www.youtube.com\\\/watch?v=XHOmBV4js_E&quot;,&quot;video_type&quot;:&quot;youtube&quot;,&quot;controls&quot;:&quot;yes&quot;}\" data-widget_type=\"video.default\">\n\t\t\t\t<div class=\"elementor-widget-container\">\n\t\t\t\t\t\t\t<div class=\"elementor-wrapper elementor-open-inline\">\n\t\t\t<div class=\"elementor-video\"><\/div>\t\t<\/div>\n\t\t\t\t\t\t<\/div>\n\t\t\t\t<\/div>\n\t\t\t\t\t<\/div>\n\t\t\t\t<\/div>\n\t\t\t\t<\/div>\n\t\t","protected":false},"excerpt":{"rendered":"<p>Kudo \u00e9 uma palavra japonesa que pode ser interpretada como &#8220;o caminho da mente aberta&#8221;, uma arte marcial moderna de full contact que inclui os elementos e t\u00e9cnicas mais eficazes do karat\u00ea, boxe, judo, jiu jitsu e outras artes marciais, sua principal caracter\u00edstica \u00e9 a similaridade com uma luta real.O fundador do Kudo Azuma Takashi, [&hellip;]<\/p>\n","protected":false},"author":2,"featured_media":0,"parent":0,"menu_order":0,"comment_status":"closed","ping_status":"closed","template":"","meta":{"footnotes":""},"class_list":["post-2085","page","type-page","status-publish","hentry"],"_links":{"self":[{"href":"https:\/\/www.kudobrasil.com.br\/site\/wp-json\/wp\/v2\/pages\/2085","targetHints":{"allow":["GET"]}}],"collection":[{"href":"https:\/\/www.kudobrasil.com.br\/site\/wp-json\/wp\/v2\/pages"}],"about":[{"href":"https:\/\/www.kudobrasil.com.br\/site\/wp-json\/wp\/v2\/types\/page"}],"author":[{"embeddable":true,"href":"https:\/\/www.kudobrasil.com.br\/site\/wp-json\/wp\/v2\/users\/2"}],"replies":[{"embeddable":true,"href":"https:\/\/www.kudobrasil.com.br\/site\/wp-json\/wp\/v2\/comments?post=2085"}],"version-history":[{"count":10,"href":"https:\/\/www.kudobrasil.com.br\/site\/wp-json\/wp\/v2\/pages\/2085\/revisions"}],"predecessor-version":[{"id":4333,"href":"https:\/\/www.kudobrasil.com.br\/site\/wp-json\/wp\/v2\/pages\/2085\/revisions\/4333"}],"wp:attachment":[{"href":"https:\/\/www.kudobrasil.com.br\/site\/wp-json\/wp\/v2\/media?parent=2085"}],"curies":[{"name":"wp","href":"https:\/\/api.w.org\/{rel}","templated":true}]}}