{"id":2081,"date":"2017-07-12T23:06:35","date_gmt":"2017-07-12T23:06:35","guid":{"rendered":"http:\/\/kudobrasil.com.br\/site\/?page_id=2081"},"modified":"2024-07-18T13:33:55","modified_gmt":"2024-07-18T13:33:55","slug":"representacao","status":"publish","type":"page","link":"https:\/\/www.kudobrasil.com.br\/site\/representacao\/","title":{"rendered":"Instrutores"},"content":{"rendered":"\t\t<div data-elementor-type=\"wp-page\" data-elementor-id=\"2081\" class=\"elementor elementor-2081\" data-elementor-post-type=\"page\">\n\t\t\t\t<div class=\"elementor-element elementor-element-2c5debae e-flex e-con-boxed e-con e-parent\" data-id=\"2c5debae\" data-element_type=\"container\" data-e-type=\"container\">\n\t\t\t\t\t<div class=\"e-con-inner\">\n\t\t\t\t<div class=\"elementor-element elementor-element-1b405319 elementor-widget elementor-widget-text-editor\" data-id=\"1b405319\" data-element_type=\"widget\" data-e-type=\"widget\" data-widget_type=\"text-editor.default\">\n\t\t\t\t<div class=\"elementor-widget-container\">\n\t\t\t\t\t\t\t\t\t<div><p>A promo\u00e7\u00e3o para Dan e Kyu para membros da Federa\u00e7\u00e3o Kudo \u00e9 realizada por meio de exame de habilidades. O \u00f3rg\u00e3o regulador para a organiza\u00e7\u00e3o do exame e reconhecimento \u00e9 a Daido Juku.<\/p><\/div><p><span style=\"background-color: transparent; color: var( --e-global-color-text ); font-family: var( --e-global-typography-text-font-family ), Sans-serif; font-weight: var( --e-global-typography-text-font-weight );\">\u00a0\u00a0<\/span><\/p><h2 class=\"mt-4\">Cores da faixa<\/h2><p>Via de regra, novo aluno n\u00e3o tem Kyu ao iniciar (faixa branca). Quando um aluno cumpre os requisitos relativos ao n\u00famero de dias de atendimento e \u00e0 pot\u00eancia f\u00edsica normativa, ele \/ ela tem o direito de fazer o exame de promo\u00e7\u00e3o de faixa, passando no teste sua faixa ser\u00e1 concedida.\u00a0 \u00a0 1\u00ba Kyu faz exame para Shodan e faixa preta \u00e9 concedida com os resultados de aprova\u00e7\u00e3o. Sobre Nidan e acima listras douradas s\u00e3o adicionadas \u00e0 faixa preta.<\/p><h2>Teste de Promo\u00e7\u00e3o de faixa<\/h2><p>Os seguintes materiais ser\u00e3o fornecidos aos pa\u00edses membros do KIF como materiais para o Teste de Promo\u00e7\u00e3o do Cintur\u00e3o Dan\/Kyu:<\/p><ul><li>Regras de Certifica\u00e7\u00e3o KIF Rank<\/li><li>Procedimento de teste de promo\u00e7\u00e3o de cinto<\/li><li>Menu de Teste de Promo\u00e7\u00e3o por JOHO<\/li><li>Folha de Pontua\u00e7\u00e3o do Teste de Promo\u00e7\u00e3o DAN<\/li><\/ul><p><span style=\"background-color: transparent; color: var( --e-global-color-text ); font-family: var( --e-global-typography-text-font-family ), Sans-serif; font-weight: var( --e-global-typography-text-font-weight );\">\u00a0<\/span><span style=\"color: var( --e-global-color-text ); font-family: var( --e-global-typography-text-font-family ), Sans-serif; font-size: var( --e-global-typography-text-font-size ); font-weight: var( --e-global-typography-text-font-weight ); background-color: var( --e-global-color-a6e6e8a );\">\u00a0<\/span><\/p><p><span style=\"color: var( --e-global-color-text ); font-family: var( --e-global-typography-text-font-family ), Sans-serif; font-size: var( --e-global-typography-text-font-size ); font-weight: var( --e-global-typography-text-font-weight ); background-color: var( --e-global-color-a6e6e8a );\"> Os alunos do Daido Juku s\u00e3o divididos em turmas conforme seu n\u00edvel de profici\u00eancia. Com base no n\u00famero de dias de treinamento e nas verifica\u00e7\u00f5es de aptid\u00e3o f\u00edsica, voc\u00ea pode participar do exame de promo\u00e7\u00e3o ou passar por uma avalia\u00e7\u00e3o pr\u00e1tica, com a aprova\u00e7\u00e3o do gerente da filial.\u00a0\u00a0<\/span><\/p><p>O que \u00e9 o exame de promo\u00e7\u00e3o? Ao ingressar, voc\u00ea come\u00e7a como faixa branca (inicial) e, depois, passa por exames de promo\u00e7\u00e3o para avan\u00e7ar de n\u00edvel.<\/p><p>Tipos de Avalia\u00e7\u00e3o: Voc\u00ea pode optar por um dos seguintes tipos de exame. No entanto, n\u00e3o \u00e9 poss\u00edvel realizar a avalia\u00e7\u00e3o pr\u00e1tica duas vezes seguidas, exceto durante campos de treinamento. Conte\u00fado da Comiss\u00e3o de Exame de Promo\u00e7\u00e3o: Treinamento b\u00e1sico: Pr\u00e1tica estacion\u00e1ria focada na trajet\u00f3ria dos socos e chutes\u00a0 e no uso do tronco. Treinamento em movimento: Mantenha a forma aprendida no b\u00e1sico enquanto se movimenta, incluindo chutes e socos (a partir da faixa amarela). Kumite Promiss\u00f3rio: Aprenda a medir a dist\u00e2ncia e a forma pessoalmente. Inclui t\u00e9cnicas de defesa b\u00e1sica, como bloqueio, desvio, esquiva, e contra-ataques (a partir da faixa azul).T\u00e9cnicas de Arremesso: T\u00e9cnicas de autodefesa e quedas s\u00e3o aprendidas desde a faixa branca. Arremessos e t\u00e9cnicas de ch\u00e3o s\u00e3o aprimorados a partir da faixa verde e marrom. Sparring: Aplica\u00e7\u00e3o pr\u00e1tica das t\u00e9cnicas aprendidas, variando conforme o n\u00edvel da faixa: 10\u00ba e 9\u00ba Grau: Sem socos no rosto, socos no meio + chutes. 8\u00ba e 7\u00ba Grau: Socos faciais limitados a jabs e diretos + chutes. 6\u00ba e 5\u00ba Grau: Inclus\u00e3o de ganchos e uppercuts + chutes. 4\u00ba Grau e acima: T\u00e9cnicas completas de socos, cotovelos, chutes e arremessos.<\/p><p>Inscri\u00e7\u00e3o para o exame: Entre em contato com o gerente da filial ou instrutor para detalhes do cronograma. Preencha o formul\u00e1rio de inscri\u00e7\u00e3o com todas as informa\u00e7\u00f5es necess\u00e1rias e envie a taxa de exame at\u00e9 a data de vencimento.<\/p><p><span style=\"color: var( --e-global-color-text ); font-family: var( --e-global-typography-text-font-family ), Sans-serif; font-size: var( --e-global-typography-text-font-size ); font-weight: var( --e-global-typography-text-font-weight ); background-color: var( --e-global-color-a6e6e8a );\">\u00a0 \u00a0 \u00a0\u00a0<\/span><\/p>\t\t\t\t\t\t\t\t<\/div>\n\t\t\t\t<\/div>\n\t\t\t\t<div class=\"elementor-element elementor-element-2b7c8c1 elementor-widget elementor-widget-image\" data-id=\"2b7c8c1\" data-element_type=\"widget\" data-e-type=\"widget\" data-widget_type=\"image.default\">\n\t\t\t\t<div class=\"elementor-widget-container\">\n\t\t\t\t\t\t\t\t\t\t\t\t\t\t\t<img fetchpriority=\"high\" decoding=\"async\" width=\"190\" height=\"300\" src=\"https:\/\/www.kudobrasil.com.br\/site\/wp-content\/uploads\/2024\/07\/rank-190x300.gif\" class=\"attachment-medium size-medium wp-image-4104\" alt=\"\" \/>\t\t\t\t\t\t\t\t\t\t\t\t\t\t\t<\/div>\n\t\t\t\t<\/div>\n\t\t\t\t<div class=\"elementor-element elementor-element-8e11b0f elementor-widget elementor-widget-image\" data-id=\"8e11b0f\" data-element_type=\"widget\" data-e-type=\"widget\" data-widget_type=\"image.default\">\n\t\t\t\t<div class=\"elementor-widget-container\">\n\t\t\t\t\t\t\t\t\t\t\t\t\t\t\t<img decoding=\"async\" width=\"269\" height=\"300\" src=\"https:\/\/www.kudobrasil.com.br\/site\/wp-content\/uploads\/2024\/07\/Sample-of-Black-Belt8th-Dan-269x300.jpg\" class=\"attachment-medium size-medium wp-image-4103\" alt=\"\" srcset=\"https:\/\/www.kudobrasil.com.br\/site\/wp-content\/uploads\/2024\/07\/Sample-of-Black-Belt8th-Dan-269x300.jpg 269w, https:\/\/www.kudobrasil.com.br\/site\/wp-content\/uploads\/2024\/07\/Sample-of-Black-Belt8th-Dan-917x1024.jpg 917w, https:\/\/www.kudobrasil.com.br\/site\/wp-content\/uploads\/2024\/07\/Sample-of-Black-Belt8th-Dan-768x858.jpg 768w, https:\/\/www.kudobrasil.com.br\/site\/wp-content\/uploads\/2024\/07\/Sample-of-Black-Belt8th-Dan-1375x1536.jpg 1375w, https:\/\/www.kudobrasil.com.br\/site\/wp-content\/uploads\/2024\/07\/Sample-of-Black-Belt8th-Dan-1834x2048.jpg 1834w\" sizes=\"(max-width: 269px) 100vw, 269px\" \/>\t\t\t\t\t\t\t\t\t\t\t\t\t\t\t<\/div>\n\t\t\t\t<\/div>\n\t\t\t\t\t<\/div>\n\t\t\t\t<\/div>\n\t\t<div class=\"elementor-element elementor-element-c5a1f8d e-flex e-con-boxed e-con e-parent\" data-id=\"c5a1f8d\" data-element_type=\"container\" data-e-type=\"container\">\n\t\t\t\t\t<div class=\"e-con-inner\">\n\t\t\t\t\t<\/div>\n\t\t\t\t<\/div>\n\t\t<div class=\"elementor-element elementor-element-20903c7 e-flex e-con-boxed e-con e-parent\" data-id=\"20903c7\" data-element_type=\"container\" data-e-type=\"container\">\n\t\t\t\t\t<div class=\"e-con-inner\">\n\t\t\t\t\t<\/div>\n\t\t\t\t<\/div>\n\t\t<div class=\"elementor-element elementor-element-87a63a4 e-flex e-con-boxed e-con e-parent\" data-id=\"87a63a4\" data-element_type=\"container\" data-e-type=\"container\">\n\t\t\t\t\t<div class=\"e-con-inner\">\n\t\t\t\t\t<\/div>\n\t\t\t\t<\/div>\n\t\t<div class=\"elementor-element elementor-element-1980f1c e-flex e-con-boxed e-con e-parent\" data-id=\"1980f1c\" data-element_type=\"container\" data-e-type=\"container\">\n\t\t\t\t\t<div class=\"e-con-inner\">\n\t\t\t\t<div class=\"elementor-element elementor-element-bf1a075 elementor-widget elementor-widget-heading\" data-id=\"bf1a075\" data-element_type=\"widget\" data-e-type=\"widget\" data-settings=\"{&quot;motion_fx_motion_fx_scrolling&quot;:&quot;yes&quot;,&quot;motion_fx_range&quot;:&quot;viewport&quot;,&quot;motion_fx_devices&quot;:[&quot;desktop&quot;,&quot;tablet&quot;,&quot;mobile&quot;]}\" data-widget_type=\"heading.default\">\n\t\t\t\t<div class=\"elementor-widget-container\">\n\t\t\t\t\t<h6 class=\"elementor-heading-title elementor-size-default\">\n\n FILIE-SE A DAIDO JUKU! REPRESENTE NA SUA CIDADE E FA\u00c7A PARTE DESTA GRANDE ARTE MARCIAL JAPONESA!<\/h6>\t\t\t\t<\/div>\n\t\t\t\t<\/div>\n\t\t\t\t\t<\/div>\n\t\t\t\t<\/div>\n\t\t\t\t<\/div>\n\t\t","protected":false},"excerpt":{"rendered":"<p>A promo\u00e7\u00e3o para Dan e Kyu para membros da Federa\u00e7\u00e3o Kudo \u00e9 realizada por meio de exame de habilidades. O \u00f3rg\u00e3o regulador para a organiza\u00e7\u00e3o do exame e reconhecimento \u00e9 a Daido Juku. \u00a0\u00a0 Cores da faixa Via de regra, novo aluno n\u00e3o tem Kyu ao iniciar (faixa branca). Quando um aluno cumpre os requisitos [&hellip;]<\/p>\n","protected":false},"author":2,"featured_media":0,"parent":0,"menu_order":0,"comment_status":"closed","ping_status":"closed","template":"","meta":{"footnotes":""},"class_list":["post-2081","page","type-page","status-publish","hentry"],"_links":{"self":[{"href":"https:\/\/www.kudobrasil.com.br\/site\/wp-json\/wp\/v2\/pages\/2081","targetHints":{"allow":["GET"]}}],"collection":[{"href":"https:\/\/www.kudobrasil.com.br\/site\/wp-json\/wp\/v2\/pages"}],"about":[{"href":"https:\/\/www.kudobrasil.com.br\/site\/wp-json\/wp\/v2\/types\/page"}],"author":[{"embeddable":true,"href":"https:\/\/www.kudobrasil.com.br\/site\/wp-json\/wp\/v2\/users\/2"}],"replies":[{"embeddable":true,"href":"https:\/\/www.kudobrasil.com.br\/site\/wp-json\/wp\/v2\/comments?post=2081"}],"version-history":[{"count":10,"href":"https:\/\/www.kudobrasil.com.br\/site\/wp-json\/wp\/v2\/pages\/2081\/revisions"}],"predecessor-version":[{"id":4139,"href":"https:\/\/www.kudobrasil.com.br\/site\/wp-json\/wp\/v2\/pages\/2081\/revisions\/4139"}],"wp:attachment":[{"href":"https:\/\/www.kudobrasil.com.br\/site\/wp-json\/wp\/v2\/media?parent=2081"}],"curies":[{"name":"wp","href":"https:\/\/api.w.org\/{rel}","templated":true}]}}